{"id":783,"date":"2024-10-30T07:04:07","date_gmt":"2024-10-30T07:04:07","guid":{"rendered":"https:\/\/dentalklinikken.no\/rauland\/?page_id=783"},"modified":"2025-11-27T12:30:20","modified_gmt":"2025-11-27T12:30:20","slug":"om-oss","status":"publish","type":"page","link":"https:\/\/dentalklinikken.no\/rauland\/om-oss\/","title":{"rendered":"Om oss"},"content":{"rendered":"\t\t<div data-elementor-type=\"wp-page\" data-elementor-id=\"783\" class=\"elementor elementor-783\" data-elementor-post-type=\"page\">\n\t\t\t\t<div class=\"elementor-element elementor-element-6d61881 e-con-full e-flex e-con e-parent\" data-id=\"6d61881\" data-element_type=\"container\" data-e-type=\"container\" data-settings=\"{&quot;background_background&quot;:&quot;classic&quot;}\">\n\t\t<div class=\"elementor-element elementor-element-1654521 e-flex e-con-boxed e-con e-child\" data-id=\"1654521\" data-element_type=\"container\" data-e-type=\"container\">\n\t\t\t\t\t<div class=\"e-con-inner\">\n\t\t<div class=\"elementor-element elementor-element-aab735a e-con-full e-flex e-con e-child\" data-id=\"aab735a\" data-element_type=\"container\" data-e-type=\"container\">\n\t\t<div class=\"elementor-element elementor-element-27b7173 e-con-full e-flex e-con e-child\" data-id=\"27b7173\" data-element_type=\"container\" data-e-type=\"container\">\n\t\t\t\t<div class=\"elementor-element elementor-element-2f167e0 elementor-widget elementor-widget-heading\" data-id=\"2f167e0\" data-element_type=\"widget\" data-e-type=\"widget\" data-widget_type=\"heading.default\">\n\t\t\t\t<div class=\"elementor-widget-container\">\n\t\t\t\t\t<h1 class=\"elementor-heading-title elementor-size-default\">Om oss<\/h1>\t\t\t\t<\/div>\n\t\t\t\t<\/div>\n\t\t\t\t<div class=\"elementor-element elementor-element-d21715e elementor-widget elementor-widget-text-editor\" data-id=\"d21715e\" data-element_type=\"widget\" data-e-type=\"widget\" data-widget_type=\"text-editor.default\">\n\t\t\t\t<div class=\"elementor-widget-container\">\n\t\t\t\t\t\t\t\t\t<p>Hos Dentalklinikken f\u00e5r du personlig oppf\u00f8lging fra v\u00e5rt dedikerte team av tannleger p\u00e5 Rauland, som tilbyr skreddersydde behandlinger til dine behov \u2013 fra rutinemessig tannrens til avanserte prosedyrer.<\/p>\t\t\t\t\t\t\t\t<\/div>\n\t\t\t\t<\/div>\n\t\t\t\t<\/div>\n\t\t<div class=\"elementor-element elementor-element-997eb92 e-con-full e-flex e-con e-child\" data-id=\"997eb92\" data-element_type=\"container\" data-e-type=\"container\">\n\t\t<div class=\"elementor-element elementor-element-73d9e18 e-con-full e-flex e-con e-child\" data-id=\"73d9e18\" data-element_type=\"container\" data-e-type=\"container\">\n\t\t<div class=\"elementor-element elementor-element-da962e6 e-con-full e-flex e-con e-child\" data-id=\"da962e6\" data-element_type=\"container\" data-e-type=\"container\" data-settings=\"{&quot;background_background&quot;:&quot;classic&quot;}\">\n\t\t\t\t<div class=\"elementor-element elementor-element-52b2aff elementor-widget elementor-widget-text-editor\" data-id=\"52b2aff\" data-element_type=\"widget\" data-e-type=\"widget\" data-widget_type=\"text-editor.default\">\n\t\t\t\t<div class=\"elementor-widget-container\">\n\t\t\t\t\t\t\t\t\tVelkommen \t\t\t\t\t\t\t\t<\/div>\n\t\t\t\t<\/div>\n\t\t\t\t<div class=\"elementor-element elementor-element-121b433 elementor-widget elementor-widget-heading\" data-id=\"121b433\" data-element_type=\"widget\" data-e-type=\"widget\" data-widget_type=\"heading.default\">\n\t\t\t\t<div class=\"elementor-widget-container\">\n\t\t\t\t\t<h2 class=\"elementor-heading-title elementor-size-default\">V\u00e5r klinikk<\/h2>\t\t\t\t<\/div>\n\t\t\t\t<\/div>\n\t\t\t\t<div class=\"elementor-element elementor-element-5469722 elementor-widget elementor-widget-text-editor\" data-id=\"5469722\" data-element_type=\"widget\" data-e-type=\"widget\" data-widget_type=\"text-editor.default\">\n\t\t\t\t<div class=\"elementor-widget-container\">\n\t\t\t\t\t\t\t\t\t<p>Du finner oss sentralt og lett tilgjengelig, enten du kommer med bil eller offentlig transport. Vi gleder oss til \u00e5 \u00f8nske deg velkommen til en trygg og profesjonell tannlegeopplevelse.<\/p><p>Fyll ut skjemaet for \u00e5 bestille time, eller ring oss p\u00e5<strong><em> <a href=\"tel:48190600\">48 19 06 00<\/a><\/em><\/strong>.<\/p><p>Tannlegevakten kan n\u00e5s p\u00e5 samme nummer utenom \u00e5pningstid ved \u00e5 trykke 9.<\/p><p>\u00c5pningstider<br \/><strong>Mandag \u2013 fredag:<\/strong> 09:00 \u2013 16:00<br \/><strong>Telefontid:<\/strong> 09:00 \u2013 16:00<br \/><strong>Akutt:<\/strong> 48 19 06 00<\/p><p>\u00c5pningstidene kan variere noe, men vi er fleksible \u2013 ta kontakt, s\u00e5 finner vi et tidspunkt som passer deg.<\/p>\t\t\t\t\t\t\t\t<\/div>\n\t\t\t\t<\/div>\n\t\t\t\t<\/div>\n\t\t<div class=\"elementor-element elementor-element-4e1cc81 e-con-full e-flex e-con e-child\" data-id=\"4e1cc81\" data-element_type=\"container\" data-e-type=\"container\" data-settings=\"{&quot;background_background&quot;:&quot;classic&quot;}\">\n\t\t<div class=\"elementor-element elementor-element-5edc0e8 e-con-full e-flex e-con e-child\" data-id=\"5edc0e8\" data-element_type=\"container\" data-e-type=\"container\">\n\t\t\t\t<div class=\"elementor-element elementor-element-989d171 elementor-widget elementor-widget-html\" data-id=\"989d171\" data-element_type=\"widget\" data-e-type=\"widget\" data-widget_type=\"html.default\">\n\t\t\t\t<div class=\"elementor-widget-container\">\n\t\t\t\t\t<a class=\"button-container primary-button phone-hide w-inline-block\" href=\"#kontakt\">\n  <!-- First button (black background, white text) -->\n  <div class=\"button-black button-visible\">\n    <span>Bestill time<\/span>\n    <img decoding=\"async\" src=\"https:\/\/dentalklinikken.no\/rauland\/wp-content\/uploads\/2024\/10\/662f4fb065fd8274ad111be3_Arrow-White.svg\" alt=\"Arrow White\" class=\"arrow\">\n  <\/div>\n  \n  <!-- Second button (white background, black text) -->\n  <div class=\"button-white button-hidden\">\n    <span>Bestill time<\/span>\n    <img decoding=\"async\" src=\"https:\/\/dentalklinikken.no\/rauland\/wp-content\/uploads\/2024\/10\/662f4fb0cf79487c6d876cf5_Arrow-Black.svg\" alt=\"Arrow Black\" class=\"arrow\">\n  <\/div>\n<\/a>\n\n<style>\n    .button-container {\n    font-family: 'Libre Franklin', sans-serif;\n    font-weight: 500;\n    font-size: 16px;\n    text-transform: uppercase;\n    line-height: 27px;\n    overflow: hidden;\n    display: inline-block;\n    position: relative;\n    height: auto;\n    border-radius: 50px;\n    background: #313131;\n    transition: background-color 0.12s ease;\n}\n\n.button-black {\n    background-color: #313131;\n    color: white;\n    padding: 10px 20px 10px 30px;\n    position: relative;\n    transition: transform 0.3s ease;\n    display: flex;\n    align-items: center;\n    justify-content: space-between;\n    border-radius: 50px;\n}\n\n.button-white {\n    background-color: white;\n    color: #313131;\n    padding: 10px 20px 10px 30px;\n    position: absolute;\n    top: 100%;\n    left: 0;\n    width: 100%;\n    transform: translateY(0);\n    transition: transform 0.3s ease;\n    display: flex;\n    align-items: center;\n    justify-content: space-between;\n    border-radius: 50px;\n}\n\n.arrow {\n    width: 25px;\n    margin-left: 5px;\n}\n\n<\/style>\t\t\t\t<\/div>\n\t\t\t\t<\/div>\n\t\t\t\t<\/div>\n\t\t\t\t<\/div>\n\t\t\t\t<\/div>\n\t\t\t\t<\/div>\n\t\t<div class=\"elementor-element elementor-element-ae4cc21 e-con-full e-flex e-con e-child\" data-id=\"ae4cc21\" data-element_type=\"container\" data-e-type=\"container\">\n\t\t<div class=\"elementor-element elementor-element-3ed4477 e-con-full e-flex e-con e-child\" data-id=\"3ed4477\" data-element_type=\"container\" data-e-type=\"container\">\n\t\t<div class=\"elementor-element elementor-element-e21efa2 e-con-full e-flex e-con e-child\" data-id=\"e21efa2\" data-element_type=\"container\" data-e-type=\"container\">\n\t\t<div class=\"elementor-element elementor-element-2455d34 e-con-full e-flex e-con e-child\" data-id=\"2455d34\" data-element_type=\"container\" data-e-type=\"container\" data-settings=\"{&quot;background_background&quot;:&quot;classic&quot;}\">\n\t\t<div class=\"elementor-element elementor-element-92bef5f e-con-full e-flex e-con e-child\" data-id=\"92bef5f\" data-element_type=\"container\" data-e-type=\"container\">\n\t\t\t\t<div class=\"elementor-element elementor-element-b89747b elementor-widget elementor-widget-heading\" data-id=\"b89747b\" data-element_type=\"widget\" data-e-type=\"widget\" data-widget_type=\"heading.default\">\n\t\t\t\t<div class=\"elementor-widget-container\">\n\t\t\t\t\t<h2 class=\"elementor-heading-title elementor-size-default\">Tannpleier<\/h2>\t\t\t\t<\/div>\n\t\t\t\t<\/div>\n\t\t\t\t<div class=\"elementor-element elementor-element-227c5bd elementor-widget elementor-widget-heading\" data-id=\"227c5bd\" data-element_type=\"widget\" data-e-type=\"widget\" data-widget_type=\"heading.default\">\n\t\t\t\t<div class=\"elementor-widget-container\">\n\t\t\t\t\t<h2 class=\"elementor-heading-title elementor-size-default\">Veronica Haddeland<\/h2>\t\t\t\t<\/div>\n\t\t\t\t<\/div>\n\t\t\t\t<\/div>\n\t\t<div class=\"elementor-element elementor-element-f75499d e-con-full e-flex e-con e-child\" data-id=\"f75499d\" data-element_type=\"container\" data-e-type=\"container\">\n\t\t\t\t<div class=\"elementor-element elementor-element-a75a66e elementor-widget elementor-widget-text-editor\" data-id=\"a75a66e\" data-element_type=\"widget\" data-e-type=\"widget\" data-widget_type=\"text-editor.default\">\n\t\t\t\t<div class=\"elementor-widget-container\">\n\t\t\t\t\t\t\t\t\t<div class=\"flex-shrink-0 flex flex-col relative items-end\"><div><div class=\"pt-0\"><div class=\"gizmo-bot-avatar flex h-8 w-8 items-center justify-center overflow-hidden rounded-full\"><div class=\"relative p-1 rounded-sm flex items-center justify-center bg-token-main-surface-primary text-token-text-primary h-8 w-8\">Utdannet fra Universitetet i Bergen. Veronica er en dyktig tannpleier p\u00e5 Rauland som spesialiserer seg p\u00e5 behandling og forebygging av tannkj\u00f8ttsproblemer (periodontitt). Hos Dentalklinikken p\u00e5 Rauland s\u00f8rger hun for at du f\u00f8ler deg ivaretatt og prioriterer din munnhelse.<\/div><\/div><\/div><\/div><\/div>\t\t\t\t\t\t\t\t<\/div>\n\t\t\t\t<\/div>\n\t\t\t\t<\/div>\n\t\t\t\t<\/div>\n\t\t<div class=\"elementor-element elementor-element-77b44de e-con-full e-flex e-con e-child\" data-id=\"77b44de\" data-element_type=\"container\" data-e-type=\"container\" data-settings=\"{&quot;background_background&quot;:&quot;classic&quot;}\">\n\t\t\t\t<\/div>\n\t\t\t\t<\/div>\n\t\t<div class=\"elementor-element elementor-element-1d10e03 e-con-full e-flex e-con e-child\" data-id=\"1d10e03\" data-element_type=\"container\" data-e-type=\"container\">\n\t\t<div class=\"elementor-element elementor-element-77255ad e-con-full e-flex e-con e-child\" data-id=\"77255ad\" data-element_type=\"container\" data-e-type=\"container\" data-settings=\"{&quot;background_background&quot;:&quot;classic&quot;}\">\n\t\t<div class=\"elementor-element elementor-element-3496f0b e-con-full e-flex e-con e-child\" data-id=\"3496f0b\" data-element_type=\"container\" data-e-type=\"container\">\n\t\t\t\t<div class=\"elementor-element elementor-element-8de6b99 elementor-widget elementor-widget-heading\" data-id=\"8de6b99\" data-element_type=\"widget\" data-e-type=\"widget\" data-widget_type=\"heading.default\">\n\t\t\t\t<div class=\"elementor-widget-container\">\n\t\t\t\t\t<h2 class=\"elementor-heading-title elementor-size-default\">Tannlege<\/h2>\t\t\t\t<\/div>\n\t\t\t\t<\/div>\n\t\t\t\t<div class=\"elementor-element elementor-element-15ab215 elementor-widget elementor-widget-heading\" data-id=\"15ab215\" data-element_type=\"widget\" data-e-type=\"widget\" data-widget_type=\"heading.default\">\n\t\t\t\t<div class=\"elementor-widget-container\">\n\t\t\t\t\t<h2 class=\"elementor-heading-title elementor-size-default\">Stine Brobakken<\/h2>\t\t\t\t<\/div>\n\t\t\t\t<\/div>\n\t\t\t\t<\/div>\n\t\t<div class=\"elementor-element elementor-element-4d12cfa e-con-full e-flex e-con e-child\" data-id=\"4d12cfa\" data-element_type=\"container\" data-e-type=\"container\">\n\t\t\t\t<div class=\"elementor-element elementor-element-be771bc elementor-widget elementor-widget-text-editor\" data-id=\"be771bc\" data-element_type=\"widget\" data-e-type=\"widget\" data-widget_type=\"text-editor.default\">\n\t\t\t\t<div class=\"elementor-widget-container\">\n\t\t\t\t\t\t\t\t\tStine Brobakken er v\u00e5r dyktige og engasjerte tannlege, og hun er medlem av Den Norske Tannlegeforening (MNTF). Hun er kjent for sin trygge tilstedev\u00e6relse og sitt fokus p\u00e5 faglig kvalitet og pasientkomfort. \t\t\t\t\t\t\t\t<\/div>\n\t\t\t\t<\/div>\n\t\t\t\t<\/div>\n\t\t\t\t<\/div>\n\t\t<div class=\"elementor-element elementor-element-e116b22 e-con-full e-flex e-con e-child\" data-id=\"e116b22\" data-element_type=\"container\" data-e-type=\"container\" data-settings=\"{&quot;background_background&quot;:&quot;classic&quot;}\">\n\t\t\t\t<\/div>\n\t\t\t\t<\/div>\n\t\t\t\t<\/div>\n\t\t\t\t<\/div>\n\t\t<div class=\"elementor-element elementor-element-9303bb7 e-con-full e-flex e-con e-child\" data-id=\"9303bb7\" data-element_type=\"container\" data-e-type=\"container\">\n\t\t<div class=\"elementor-element elementor-element-f2f0789 e-con-full e-flex e-con e-child\" data-id=\"f2f0789\" data-element_type=\"container\" data-e-type=\"container\">\n\t\t<div class=\"elementor-element elementor-element-f20e358 e-con-full e-flex e-con e-child\" data-id=\"f20e358\" data-element_type=\"container\" data-e-type=\"container\">\n\t\t<div class=\"elementor-element elementor-element-a63ee70 e-con-full e-flex e-con e-child\" data-id=\"a63ee70\" data-element_type=\"container\" data-e-type=\"container\" data-settings=\"{&quot;background_background&quot;:&quot;classic&quot;}\">\n\t\t<div class=\"elementor-element elementor-element-fc019d5 e-con-full e-flex e-con e-child\" data-id=\"fc019d5\" data-element_type=\"container\" data-e-type=\"container\">\n\t\t\t\t<div class=\"elementor-element elementor-element-117a809 elementor-widget elementor-widget-heading\" data-id=\"117a809\" data-element_type=\"widget\" data-e-type=\"widget\" data-widget_type=\"heading.default\">\n\t\t\t\t<div class=\"elementor-widget-container\">\n\t\t\t\t\t<h2 class=\"elementor-heading-title elementor-size-default\">Tannlege<\/h2>\t\t\t\t<\/div>\n\t\t\t\t<\/div>\n\t\t\t\t<div class=\"elementor-element elementor-element-b9db56a elementor-widget elementor-widget-heading\" data-id=\"b9db56a\" data-element_type=\"widget\" data-e-type=\"widget\" data-widget_type=\"heading.default\">\n\t\t\t\t<div class=\"elementor-widget-container\">\n\t\t\t\t\t<h2 class=\"elementor-heading-title elementor-size-default\">Sheeraz Malik Sharif<\/h2>\t\t\t\t<\/div>\n\t\t\t\t<\/div>\n\t\t\t\t<\/div>\n\t\t<div class=\"elementor-element elementor-element-d28c52f e-con-full e-flex e-con e-child\" data-id=\"d28c52f\" data-element_type=\"container\" data-e-type=\"container\">\n\t\t\t\t<div class=\"elementor-element elementor-element-50b5a67 elementor-widget elementor-widget-text-editor\" data-id=\"50b5a67\" data-element_type=\"widget\" data-e-type=\"widget\" data-widget_type=\"text-editor.default\">\n\t\t\t\t<div class=\"elementor-widget-container\">\n\t\t\t\t\t\t\t\t\tSheeraz Malik Sharif er en dyktig og medmenneskelig tannlege som virkelig bryr seg om sine pasienters velv\u00e6re. I tillegg til sin generelle tannlegekompetanse er han spesialist innen behandling av tannkj\u00f8ttsykdommer og har omfattende erfaring med \u00e5 hjelpe pasienter med \u00e5 oppn\u00e5 sunnere og sterkere tannkj\u00f8tt. \t\t\t\t\t\t\t\t<\/div>\n\t\t\t\t<\/div>\n\t\t\t\t<\/div>\n\t\t\t\t<\/div>\n\t\t<div class=\"elementor-element elementor-element-cdb4649 e-con-full e-flex e-con e-child\" data-id=\"cdb4649\" data-element_type=\"container\" data-e-type=\"container\" data-settings=\"{&quot;background_background&quot;:&quot;classic&quot;}\">\n\t\t\t\t<\/div>\n\t\t\t\t<\/div>\n\t\t<div class=\"elementor-element elementor-element-9eaad9f e-con-full e-flex e-con e-child\" data-id=\"9eaad9f\" data-element_type=\"container\" data-e-type=\"container\">\n\t\t<div class=\"elementor-element elementor-element-416ee45 e-con-full e-flex e-con e-child\" data-id=\"416ee45\" data-element_type=\"container\" data-e-type=\"container\" data-settings=\"{&quot;background_background&quot;:&quot;classic&quot;}\">\n\t\t<div class=\"elementor-element elementor-element-9239029 e-con-full e-flex e-con e-child\" data-id=\"9239029\" data-element_type=\"container\" data-e-type=\"container\">\n\t\t\t\t<div class=\"elementor-element elementor-element-7cbe5f5 elementor-widget elementor-widget-heading\" data-id=\"7cbe5f5\" data-element_type=\"widget\" data-e-type=\"widget\" data-widget_type=\"heading.default\">\n\t\t\t\t<div class=\"elementor-widget-container\">\n\t\t\t\t\t<h2 class=\"elementor-heading-title elementor-size-default\">Tannlegeassistent<\/h2>\t\t\t\t<\/div>\n\t\t\t\t<\/div>\n\t\t\t\t<div class=\"elementor-element elementor-element-2b65c78 elementor-widget elementor-widget-heading\" data-id=\"2b65c78\" data-element_type=\"widget\" data-e-type=\"widget\" data-widget_type=\"heading.default\">\n\t\t\t\t<div class=\"elementor-widget-container\">\n\t\t\t\t\t<h2 class=\"elementor-heading-title elementor-size-default\">Hilde Bitubekk<\/h2>\t\t\t\t<\/div>\n\t\t\t\t<\/div>\n\t\t\t\t<\/div>\n\t\t<div class=\"elementor-element elementor-element-5511fa0 e-con-full e-flex e-con e-child\" data-id=\"5511fa0\" data-element_type=\"container\" data-e-type=\"container\">\n\t\t\t\t<div class=\"elementor-element elementor-element-bec1b18 elementor-widget elementor-widget-text-editor\" data-id=\"bec1b18\" data-element_type=\"widget\" data-e-type=\"widget\" data-widget_type=\"text-editor.default\">\n\t\t\t\t<div class=\"elementor-widget-container\">\n\t\t\t\t\t\t\t\t\tHilde Bitubekk er en hyggelig og erfaren tannlegeassistent som bidrar til en trygg og behagelig opplevelse for v\u00e5re pasienter. Hun er kjent for sitt gode hum\u00f8r, sin omsorg og sitt \u00f8ye for detaljer i m\u00f8te med b\u00e5de pasienter og behandlere. \t\t\t\t\t\t\t\t<\/div>\n\t\t\t\t<\/div>\n\t\t\t\t<\/div>\n\t\t\t\t<\/div>\n\t\t<div class=\"elementor-element elementor-element-b30762b e-con-full e-flex e-con e-child\" data-id=\"b30762b\" data-element_type=\"container\" data-e-type=\"container\" data-settings=\"{&quot;background_background&quot;:&quot;classic&quot;}\">\n\t\t\t\t<\/div>\n\t\t\t\t<\/div>\n\t\t\t\t<\/div>\n\t\t\t\t<\/div>\n\t\t<div class=\"elementor-element elementor-element-9093b97 e-con-full e-flex e-con e-child\" data-id=\"9093b97\" data-element_type=\"container\" data-e-type=\"container\">\n\t\t<div class=\"elementor-element elementor-element-2161b2f e-con-full e-flex e-con e-child\" data-id=\"2161b2f\" data-element_type=\"container\" data-e-type=\"container\">\n\t\t<div class=\"elementor-element elementor-element-b9f65e1 e-con-full e-flex e-con e-child\" data-id=\"b9f65e1\" data-element_type=\"container\" data-e-type=\"container\">\n\t\t<div class=\"elementor-element elementor-element-a0968c7 e-con-full e-flex e-con e-child\" data-id=\"a0968c7\" data-element_type=\"container\" data-e-type=\"container\" data-settings=\"{&quot;background_background&quot;:&quot;classic&quot;}\">\n\t\t<div class=\"elementor-element elementor-element-659b50f e-con-full e-flex e-con e-child\" data-id=\"659b50f\" data-element_type=\"container\" data-e-type=\"container\">\n\t\t\t\t<div class=\"elementor-element elementor-element-77a1b36 elementor-widget elementor-widget-heading\" data-id=\"77a1b36\" data-element_type=\"widget\" data-e-type=\"widget\" data-widget_type=\"heading.default\">\n\t\t\t\t<div class=\"elementor-widget-container\">\n\t\t\t\t\t<h2 class=\"elementor-heading-title elementor-size-default\">Tannhelsesekret\u00e6r<\/h2>\t\t\t\t<\/div>\n\t\t\t\t<\/div>\n\t\t\t\t<div class=\"elementor-element elementor-element-5563788 elementor-widget elementor-widget-heading\" data-id=\"5563788\" data-element_type=\"widget\" data-e-type=\"widget\" data-widget_type=\"heading.default\">\n\t\t\t\t<div class=\"elementor-widget-container\">\n\t\t\t\t\t<h2 class=\"elementor-heading-title elementor-size-default\">Jorunn Skinnarland<\/h2>\t\t\t\t<\/div>\n\t\t\t\t<\/div>\n\t\t\t\t<\/div>\n\t\t<div class=\"elementor-element elementor-element-aed98d1 e-con-full e-flex e-con e-child\" data-id=\"aed98d1\" data-element_type=\"container\" data-e-type=\"container\">\n\t\t\t\t<div class=\"elementor-element elementor-element-de4da44 elementor-widget elementor-widget-text-editor\" data-id=\"de4da44\" data-element_type=\"widget\" data-e-type=\"widget\" data-widget_type=\"text-editor.default\">\n\t\t\t\t<div class=\"elementor-widget-container\">\n\t\t\t\t\t\t\t\t\tJorunn Skinnarland er autorisert tannhelsesekret\u00e6r og en viktig del av v\u00e5rt behandlingsteam. Hun m\u00f8ter pasienter med ro, profesjonalitet og et vennlig smil, og bidrar til at hverdagen p\u00e5 klinikken flyter effektivt og trygt. \t\t\t\t\t\t\t\t<\/div>\n\t\t\t\t<\/div>\n\t\t\t\t<\/div>\n\t\t\t\t<\/div>\n\t\t<div class=\"elementor-element elementor-element-17ecadc e-con-full e-flex e-con e-child\" data-id=\"17ecadc\" data-element_type=\"container\" data-e-type=\"container\" data-settings=\"{&quot;background_background&quot;:&quot;classic&quot;}\">\n\t\t\t\t<\/div>\n\t\t\t\t<\/div>\n\t\t<div class=\"elementor-element elementor-element-a23df96 e-con-full e-flex e-con e-child\" data-id=\"a23df96\" data-element_type=\"container\" data-e-type=\"container\">\n\t\t\t\t<\/div>\n\t\t\t\t<\/div>\n\t\t\t\t<\/div>\n\t\t<div class=\"elementor-element elementor-element-a09366b e-con-full e-flex e-con e-child\" data-id=\"a09366b\" data-element_type=\"container\" data-e-type=\"container\">\n\t\t<div class=\"elementor-element elementor-element-22b35ea e-con-full e-flex e-con e-child\" data-id=\"22b35ea\" data-element_type=\"container\" data-e-type=\"container\" data-settings=\"{&quot;background_background&quot;:&quot;classic&quot;}\">\n\t\t<div class=\"elementor-element elementor-element-a8dd09c e-con-full e-flex e-con e-child\" data-id=\"a8dd09c\" data-element_type=\"container\" data-e-type=\"container\">\n\t\t<div class=\"elementor-element elementor-element-c889eb5 e-con-full e-flex e-con e-child\" data-id=\"c889eb5\" data-element_type=\"container\" data-e-type=\"container\">\n\t\t\t\t<div class=\"elementor-element elementor-element-b68e487 elementor-widget elementor-widget-text-editor\" data-id=\"b68e487\" data-element_type=\"widget\" data-e-type=\"widget\" data-widget_type=\"text-editor.default\">\n\t\t\t\t<div class=\"elementor-widget-container\">\n\t\t\t\t\t\t\t\t\tAdresse \t\t\t\t\t\t\t\t<\/div>\n\t\t\t\t<\/div>\n\t\t\t\t<div class=\"elementor-element elementor-element-9e7159d elementor-widget elementor-widget-heading\" data-id=\"9e7159d\" data-element_type=\"widget\" data-e-type=\"widget\" data-widget_type=\"heading.default\">\n\t\t\t\t<div class=\"elementor-widget-container\">\n\t\t\t\t\t<h2 class=\"elementor-heading-title elementor-size-default\">Hvor finner du oss?<\/h2>\t\t\t\t<\/div>\n\t\t\t\t<\/div>\n\t\t\t\t<div class=\"elementor-element elementor-element-4a7f1de elementor-widget__width-initial elementor-widget elementor-widget-text-editor\" data-id=\"4a7f1de\" data-element_type=\"widget\" data-e-type=\"widget\" data-widget_type=\"text-editor.default\">\n\t\t\t\t<div class=\"elementor-widget-container\">\n\t\t\t\t\t\t\t\t\t<p>Finn veien til oss enkelt ved hjelp av kartet nedenfor. Vi holder til sentralt og er lett tilgjengelige med b\u00e5de bil og offentlig transport.<\/p>\t\t\t\t\t\t\t\t<\/div>\n\t\t\t\t<\/div>\n\t\t\t\t<\/div>\n\t\t\t\t<div class=\"elementor-element elementor-element-ea8e555 elementor-widget elementor-widget-google_maps\" data-id=\"ea8e555\" data-element_type=\"widget\" data-e-type=\"widget\" data-widget_type=\"google_maps.default\">\n\t\t\t\t<div class=\"elementor-widget-container\">\n\t\t\t\t\t\t\t<div class=\"elementor-custom-embed\">\n\t\t\t<iframe loading=\"lazy\"\n\t\t\t\t\tsrc=\"https:\/\/maps.google.com\/maps?q=Brendeberg%201%2C%203864%20Rauland&#038;t=m&#038;z=16&#038;output=embed&#038;iwloc=near\"\n\t\t\t\t\ttitle=\"Brendeberg 1, 3864 Rauland\"\n\t\t\t\t\taria-label=\"Brendeberg 1, 3864 Rauland\"\n\t\t\t><\/iframe>\n\t\t<\/div>\n\t\t\t\t\t\t<\/div>\n\t\t\t\t<\/div>\n\t\t\t\t<\/div>\n\t\t\t\t<\/div>\n\t\t\t\t<\/div>\n\t\t\t\t<\/div>\n\t\t\t\t\t<\/div>\n\t\t\t\t<\/div>\n\t\t\t\t<\/div>\n\t\t\t\t<\/div>\n\t\t","protected":false},"excerpt":{"rendered":"<p>Om oss Hos Dentalklinikken f\u00e5r du personlig oppf\u00f8lging fra v\u00e5rt dedikerte team av tannleger p\u00e5 Rauland, som tilbyr skreddersydde behandlinger til dine behov \u2013 fra rutinemessig tannrens til avanserte prosedyrer. Velkommen V\u00e5r klinikk Du finner oss sentralt og lett tilgjengelig, enten du kommer med bil eller offentlig transport. Vi gleder oss til \u00e5 \u00f8nske deg [&hellip;]<\/p>\n","protected":false},"author":1,"featured_media":0,"parent":0,"menu_order":0,"comment_status":"closed","ping_status":"closed","template":"","meta":{"_acf_changed":false,"inline_featured_image":false,"footnotes":""},"class_list":["post-783","page","type-page","status-publish","hentry"],"acf":[],"_links":{"self":[{"href":"https:\/\/dentalklinikken.no\/rauland\/wp-json\/wp\/v2\/pages\/783","targetHints":{"allow":["GET"]}}],"collection":[{"href":"https:\/\/dentalklinikken.no\/rauland\/wp-json\/wp\/v2\/pages"}],"about":[{"href":"https:\/\/dentalklinikken.no\/rauland\/wp-json\/wp\/v2\/types\/page"}],"author":[{"embeddable":true,"href":"https:\/\/dentalklinikken.no\/rauland\/wp-json\/wp\/v2\/users\/1"}],"replies":[{"embeddable":true,"href":"https:\/\/dentalklinikken.no\/rauland\/wp-json\/wp\/v2\/comments?post=783"}],"version-history":[{"count":0,"href":"https:\/\/dentalklinikken.no\/rauland\/wp-json\/wp\/v2\/pages\/783\/revisions"}],"wp:attachment":[{"href":"https:\/\/dentalklinikken.no\/rauland\/wp-json\/wp\/v2\/media?parent=783"}],"curies":[{"name":"wp","href":"https:\/\/api.w.org\/{rel}","templated":true}]}}