{"id":783,"date":"2024-10-30T07:04:07","date_gmt":"2024-10-30T07:04:07","guid":{"rendered":"https:\/\/dentalklinikken.no\/kvinesdal\/?page_id=783"},"modified":"2026-04-21T07:45:55","modified_gmt":"2026-04-21T07:45:55","slug":"om-oss","status":"publish","type":"page","link":"https:\/\/dentalklinikken.no\/kvinesdal\/om-oss\/","title":{"rendered":"Om oss"},"content":{"rendered":"\t\t<div data-elementor-type=\"wp-page\" data-elementor-id=\"783\" class=\"elementor elementor-783\" data-elementor-post-type=\"page\">\n\t\t\t\t<div class=\"elementor-element elementor-element-6d61881 e-con-full e-flex e-con e-parent\" data-id=\"6d61881\" data-element_type=\"container\" data-e-type=\"container\" data-settings=\"{&quot;background_background&quot;:&quot;classic&quot;}\">\n\t\t<div class=\"elementor-element elementor-element-1654521 e-flex e-con-boxed e-con e-child\" data-id=\"1654521\" data-element_type=\"container\" data-e-type=\"container\">\n\t\t\t\t\t<div class=\"e-con-inner\">\n\t\t<div class=\"elementor-element elementor-element-aab735a e-con-full e-flex e-con e-child\" data-id=\"aab735a\" data-element_type=\"container\" data-e-type=\"container\">\n\t\t<div class=\"elementor-element elementor-element-27b7173 e-con-full e-flex e-con e-child\" data-id=\"27b7173\" data-element_type=\"container\" data-e-type=\"container\">\n\t\t\t\t<div class=\"elementor-element elementor-element-2f167e0 elementor-widget elementor-widget-heading\" data-id=\"2f167e0\" data-element_type=\"widget\" data-e-type=\"widget\" data-widget_type=\"heading.default\">\n\t\t\t\t<div class=\"elementor-widget-container\">\n\t\t\t\t\t<h1 class=\"elementor-heading-title elementor-size-default\">Om oss<\/h1>\t\t\t\t<\/div>\n\t\t\t\t<\/div>\n\t\t\t\t<div class=\"elementor-element elementor-element-d21715e elementor-widget elementor-widget-text-editor\" data-id=\"d21715e\" data-element_type=\"widget\" data-e-type=\"widget\" data-widget_type=\"text-editor.default\">\n\t\t\t\t<div class=\"elementor-widget-container\">\n\t\t\t\t\t\t\t\t\t<p>Hos Dentalklinikken f\u00e5r du personlig oppf\u00f8lging fra v\u00e5rt dedikerte team av tannleger i Kvinesdal, som tilbyr skreddersydde behandlinger til dine behov \u2013 fra rutinemessig tannrens til avanserte prosedyrer.<\/p>\t\t\t\t\t\t\t\t<\/div>\n\t\t\t\t<\/div>\n\t\t\t\t<\/div>\n\t\t<div class=\"elementor-element elementor-element-997eb92 e-con-full e-flex e-con e-child\" data-id=\"997eb92\" data-element_type=\"container\" data-e-type=\"container\">\n\t\t<div class=\"elementor-element elementor-element-73d9e18 e-con-full e-flex e-con e-child\" data-id=\"73d9e18\" data-element_type=\"container\" data-e-type=\"container\">\n\t\t<div class=\"elementor-element elementor-element-da962e6 e-con-full e-flex e-con e-child\" data-id=\"da962e6\" data-element_type=\"container\" data-e-type=\"container\" data-settings=\"{&quot;background_background&quot;:&quot;classic&quot;}\">\n\t\t\t\t<div class=\"elementor-element elementor-element-52b2aff elementor-widget elementor-widget-text-editor\" data-id=\"52b2aff\" data-element_type=\"widget\" data-e-type=\"widget\" data-widget_type=\"text-editor.default\">\n\t\t\t\t<div class=\"elementor-widget-container\">\n\t\t\t\t\t\t\t\t\tVelkommen \t\t\t\t\t\t\t\t<\/div>\n\t\t\t\t<\/div>\n\t\t\t\t<div class=\"elementor-element elementor-element-121b433 elementor-widget elementor-widget-heading\" data-id=\"121b433\" data-element_type=\"widget\" data-e-type=\"widget\" data-widget_type=\"heading.default\">\n\t\t\t\t<div class=\"elementor-widget-container\">\n\t\t\t\t\t<h2 class=\"elementor-heading-title elementor-size-default\">V\u00e5r klinikk<\/h2>\t\t\t\t<\/div>\n\t\t\t\t<\/div>\n\t\t\t\t<div class=\"elementor-element elementor-element-5469722 elementor-widget elementor-widget-text-editor\" data-id=\"5469722\" data-element_type=\"widget\" data-e-type=\"widget\" data-widget_type=\"text-editor.default\">\n\t\t\t\t<div class=\"elementor-widget-container\">\n\t\t\t\t\t\t\t\t\t<p>Du finner oss sentralt, lett tilgjengelig med b\u00e5de bil og offentlig transport. Vi ser frem til \u00e5 \u00f8nske deg velkommen!<\/p>\t\t\t\t\t\t\t\t<\/div>\n\t\t\t\t<\/div>\n\t\t\t\t<div class=\"elementor-element elementor-element-047c8c5 elementor-widget elementor-widget-text-editor\" data-id=\"047c8c5\" data-element_type=\"widget\" data-e-type=\"widget\" data-widget_type=\"text-editor.default\">\n\t\t\t\t<div class=\"elementor-widget-container\">\n\t\t\t\t\t\t\t\t\t<p><strong><img decoding=\"async\" class=\"emoji\" role=\"img\" draggable=\"false\" src=\"https:\/\/s.w.org\/images\/core\/emoji\/16.0.1\/svg\/2757.svg\" alt=\"\u2757\" \/>\u00a0\u2013 V\u00e5re \u00e5pningstider i Kvinesdal tilpasses etter pasientavtaler.\u00a0Ta kontakt\u00a0for tilgjengelige tider.<\/strong><\/p>\t\t\t\t\t\t\t\t<\/div>\n\t\t\t\t<\/div>\n\t\t\t\t<div class=\"elementor-element elementor-element-2b7d2c5 elementor-widget elementor-widget-text-editor\" data-id=\"2b7d2c5\" data-element_type=\"widget\" data-e-type=\"widget\" data-widget_type=\"text-editor.default\">\n\t\t\t\t<div class=\"elementor-widget-container\">\n\t\t\t\t\t\t\t\t\t<a href=\"tel: 38351300\"><img decoding=\"async\" class=\"emoji\" role=\"img\" draggable=\"false\" src=\"https:\/\/s.w.org\/images\/core\/emoji\/16.0.1\/svg\/1f4f1.svg\" alt=\"\ud83d\udcf1\" \/>\u00a038 35 13 00<\/a> \t\t\t\t\t\t\t\t<\/div>\n\t\t\t\t<\/div>\n\t\t\t\t<\/div>\n\t\t<div class=\"elementor-element elementor-element-4e1cc81 e-con-full e-flex e-con e-child\" data-id=\"4e1cc81\" data-element_type=\"container\" data-e-type=\"container\" data-settings=\"{&quot;background_background&quot;:&quot;classic&quot;}\">\n\t\t<div class=\"elementor-element elementor-element-5edc0e8 e-con-full e-flex e-con e-child\" data-id=\"5edc0e8\" data-element_type=\"container\" data-e-type=\"container\">\n\t\t\t\t<div class=\"elementor-element elementor-element-989d171 elementor-widget elementor-widget-html\" data-id=\"989d171\" data-element_type=\"widget\" data-e-type=\"widget\" data-widget_type=\"html.default\">\n\t\t\t\t<div class=\"elementor-widget-container\">\n\t\t\t\t\t<a class=\"button-container primary-button phone-hide w-inline-block\" href=\"#kontakt\">\n  <!-- First button (black background, white text) -->\n  <div class=\"button-black button-visible\">\n    <span>Bestill time<\/span>\n    <img decoding=\"async\" src=\"https:\/\/dentalklinikken.no\/kvinesdal\/wp-content\/uploads\/2024\/10\/662f4fb065fd8274ad111be3_Arrow-White.svg\" alt=\"Arrow White\" class=\"arrow\">\n  <\/div>\n  \n  <!-- Second button (white background, black text) -->\n  <div class=\"button-white button-hidden\">\n    <span>Bestill time<\/span>\n    <img decoding=\"async\" src=\"https:\/\/dentalklinikken.no\/kvinesdal\/wp-content\/uploads\/2024\/10\/662f4fb0cf79487c6d876cf5_Arrow-Black.svg\" alt=\"Arrow Black\" class=\"arrow\">\n  <\/div>\n<\/a>\n\n<style>\n    .button-container {\n    font-family: 'Libre Franklin', sans-serif;\n    font-weight: 500;\n    font-size: 16px;\n    text-transform: uppercase;\n    line-height: 27px;\n    overflow: hidden;\n    display: inline-block;\n    position: relative;\n    height: auto;\n    border-radius: 50px;\n    background: #313131;\n    transition: background-color 0.12s ease;\n}\n\n.button-black {\n    background-color: #313131;\n    color: white;\n    padding: 10px 20px 10px 30px;\n    position: relative;\n    transition: transform 0.3s ease;\n    display: flex;\n    align-items: center;\n    justify-content: space-between;\n    border-radius: 50px;\n}\n\n.button-white {\n    background-color: white;\n    color: #313131;\n    padding: 10px 20px 10px 30px;\n    position: absolute;\n    top: 100%;\n    left: 0;\n    width: 100%;\n    transform: translateY(0);\n    transition: transform 0.3s ease;\n    display: flex;\n    align-items: center;\n    justify-content: space-between;\n    border-radius: 50px;\n}\n\n.arrow {\n    width: 25px;\n    margin-left: 5px;\n}\n\n<\/style>\t\t\t\t<\/div>\n\t\t\t\t<\/div>\n\t\t\t\t<\/div>\n\t\t\t\t<\/div>\n\t\t\t\t<\/div>\n\t\t\t\t<\/div>\n\t\t<div class=\"elementor-element elementor-element-ae4cc21 e-con-full e-flex e-con e-child\" data-id=\"ae4cc21\" data-element_type=\"container\" data-e-type=\"container\">\n\t\t<div class=\"elementor-element elementor-element-3ed4477 e-con-full e-flex e-con e-child\" data-id=\"3ed4477\" data-element_type=\"container\" data-e-type=\"container\">\n\t\t<div class=\"elementor-element elementor-element-e21efa2 e-con-full e-flex e-con e-child\" data-id=\"e21efa2\" data-element_type=\"container\" data-e-type=\"container\">\n\t\t<div class=\"elementor-element elementor-element-2455d34 e-con-full e-flex e-con e-child\" data-id=\"2455d34\" data-element_type=\"container\" data-e-type=\"container\" data-settings=\"{&quot;background_background&quot;:&quot;classic&quot;}\">\n\t\t<div class=\"elementor-element elementor-element-92bef5f e-con-full e-flex e-con e-child\" data-id=\"92bef5f\" data-element_type=\"container\" data-e-type=\"container\">\n\t\t\t\t<div class=\"elementor-element elementor-element-b89747b elementor-widget elementor-widget-heading\" data-id=\"b89747b\" data-element_type=\"widget\" data-e-type=\"widget\" data-widget_type=\"heading.default\">\n\t\t\t\t<div class=\"elementor-widget-container\">\n\t\t\t\t\t<h2 class=\"elementor-heading-title elementor-size-default\">Tannpleier<\/h2>\t\t\t\t<\/div>\n\t\t\t\t<\/div>\n\t\t\t\t<div class=\"elementor-element elementor-element-227c5bd elementor-widget elementor-widget-heading\" data-id=\"227c5bd\" data-element_type=\"widget\" data-e-type=\"widget\" data-widget_type=\"heading.default\">\n\t\t\t\t<div class=\"elementor-widget-container\">\n\t\t\t\t\t<h2 class=\"elementor-heading-title elementor-size-default\">Veronica Haddeland<\/h2>\t\t\t\t<\/div>\n\t\t\t\t<\/div>\n\t\t\t\t<\/div>\n\t\t<div class=\"elementor-element elementor-element-f75499d e-con-full e-flex e-con e-child\" data-id=\"f75499d\" data-element_type=\"container\" data-e-type=\"container\">\n\t\t\t\t<div class=\"elementor-element elementor-element-a75a66e elementor-widget elementor-widget-text-editor\" data-id=\"a75a66e\" data-element_type=\"widget\" data-e-type=\"widget\" data-widget_type=\"text-editor.default\">\n\t\t\t\t<div class=\"elementor-widget-container\">\n\t\t\t\t\t\t\t\t\t<div class=\"flex-shrink-0 flex flex-col relative items-end\"><div><div class=\"pt-0\"><div class=\"gizmo-bot-avatar flex h-8 w-8 items-center justify-center overflow-hidden rounded-full\"><div class=\"relative p-1 rounded-sm flex items-center justify-center bg-token-main-surface-primary text-token-text-primary h-8 w-8\">Utdannet fra Universitetet i Bergen. Veronica er en dyktig tannpleier i Kvinesdal som spesialiserer seg p\u00e5 behandling og forebygging av tannkj\u00f8ttsproblemer (periodontitt). Hos Dentalklinikken i Kvinesdal s\u00f8rger hun for at du f\u00f8ler deg ivaretatt og prioriterer din munnhelse.<\/div><\/div><\/div><\/div><\/div>\t\t\t\t\t\t\t\t<\/div>\n\t\t\t\t<\/div>\n\t\t\t\t<\/div>\n\t\t\t\t<\/div>\n\t\t<div class=\"elementor-element elementor-element-77b44de e-con-full e-flex e-con e-child\" data-id=\"77b44de\" data-element_type=\"container\" data-e-type=\"container\" data-settings=\"{&quot;background_background&quot;:&quot;classic&quot;}\">\n\t\t\t\t<\/div>\n\t\t\t\t<\/div>\n\t\t<div class=\"elementor-element elementor-element-1d10e03 e-con-full e-flex e-con e-child\" data-id=\"1d10e03\" data-element_type=\"container\" data-e-type=\"container\">\n\t\t<div class=\"elementor-element elementor-element-77255ad e-con-full e-flex e-con e-child\" data-id=\"77255ad\" data-element_type=\"container\" data-e-type=\"container\" data-settings=\"{&quot;background_background&quot;:&quot;classic&quot;}\">\n\t\t<div class=\"elementor-element elementor-element-3496f0b e-con-full e-flex e-con e-child\" data-id=\"3496f0b\" data-element_type=\"container\" data-e-type=\"container\">\n\t\t\t\t<div class=\"elementor-element elementor-element-8de6b99 elementor-widget elementor-widget-heading\" data-id=\"8de6b99\" data-element_type=\"widget\" data-e-type=\"widget\" data-widget_type=\"heading.default\">\n\t\t\t\t<div class=\"elementor-widget-container\">\n\t\t\t\t\t<h2 class=\"elementor-heading-title elementor-size-default\">Tannlege<\/h2>\t\t\t\t<\/div>\n\t\t\t\t<\/div>\n\t\t\t\t<div class=\"elementor-element elementor-element-15ab215 elementor-widget elementor-widget-heading\" data-id=\"15ab215\" data-element_type=\"widget\" data-e-type=\"widget\" data-widget_type=\"heading.default\">\n\t\t\t\t<div class=\"elementor-widget-container\">\n\t\t\t\t\t<h2 class=\"elementor-heading-title elementor-size-default\">Sheeraz Malik Sharif<\/h2>\t\t\t\t<\/div>\n\t\t\t\t<\/div>\n\t\t\t\t<\/div>\n\t\t<div class=\"elementor-element elementor-element-4d12cfa e-con-full e-flex e-con e-child\" data-id=\"4d12cfa\" data-element_type=\"container\" data-e-type=\"container\">\n\t\t\t\t<div class=\"elementor-element elementor-element-be771bc elementor-widget elementor-widget-text-editor\" data-id=\"be771bc\" data-element_type=\"widget\" data-e-type=\"widget\" data-widget_type=\"text-editor.default\">\n\t\t\t\t<div class=\"elementor-widget-container\">\n\t\t\t\t\t\t\t\t\tTannlege Malik er en vennlig og grundig allmennpraktiserende tannlege, utdannet i Polen. Han gir deg en trygg, og sk\u00e5nsom behandling og et bredt spekter av tannhelsetjenester. \t\t\t\t\t\t\t\t<\/div>\n\t\t\t\t<\/div>\n\t\t\t\t<\/div>\n\t\t\t\t<\/div>\n\t\t<div class=\"elementor-element elementor-element-e116b22 e-con-full e-flex e-con e-child\" data-id=\"e116b22\" data-element_type=\"container\" data-e-type=\"container\">\n\t\t\t\t<\/div>\n\t\t\t\t<\/div>\n\t\t\t\t<\/div>\n\t\t\t\t<\/div>\n\t\t<div class=\"elementor-element elementor-element-9c98ce5 e-con-full e-flex e-con e-child\" data-id=\"9c98ce5\" data-element_type=\"container\" data-e-type=\"container\">\n\t\t<div class=\"elementor-element elementor-element-a2d8ae3 e-con-full e-flex e-con e-child\" data-id=\"a2d8ae3\" data-element_type=\"container\" data-e-type=\"container\">\n\t\t<div class=\"elementor-element elementor-element-563bbad e-con-full e-flex e-con e-child\" data-id=\"563bbad\" data-element_type=\"container\" data-e-type=\"container\">\n\t\t<div class=\"elementor-element elementor-element-9e31f2d e-con-full e-flex e-con e-child\" data-id=\"9e31f2d\" data-element_type=\"container\" data-e-type=\"container\" data-settings=\"{&quot;background_background&quot;:&quot;classic&quot;}\">\n\t\t<div class=\"elementor-element elementor-element-fddf826 e-con-full e-flex e-con e-child\" data-id=\"fddf826\" data-element_type=\"container\" data-e-type=\"container\">\n\t\t\t\t<div class=\"elementor-element elementor-element-381f1eb elementor-widget elementor-widget-heading\" data-id=\"381f1eb\" data-element_type=\"widget\" data-e-type=\"widget\" data-widget_type=\"heading.default\">\n\t\t\t\t<div class=\"elementor-widget-container\">\n\t\t\t\t\t<h2 class=\"elementor-heading-title elementor-size-default\">Tannlege<\/h2>\t\t\t\t<\/div>\n\t\t\t\t<\/div>\n\t\t\t\t<div class=\"elementor-element elementor-element-b76de0e elementor-widget elementor-widget-heading\" data-id=\"b76de0e\" data-element_type=\"widget\" data-e-type=\"widget\" data-widget_type=\"heading.default\">\n\t\t\t\t<div class=\"elementor-widget-container\">\n\t\t\t\t\t<h2 class=\"elementor-heading-title elementor-size-default\">Kaja Moland<\/h2>\t\t\t\t<\/div>\n\t\t\t\t<\/div>\n\t\t\t\t<\/div>\n\t\t<div class=\"elementor-element elementor-element-2eb3f54 e-con-full e-flex e-con e-child\" data-id=\"2eb3f54\" data-element_type=\"container\" data-e-type=\"container\">\n\t\t\t\t<div class=\"elementor-element elementor-element-0ebe652 elementor-widget elementor-widget-text-editor\" data-id=\"0ebe652\" data-element_type=\"widget\" data-e-type=\"widget\" data-widget_type=\"text-editor.default\">\n\t\t\t\t<div class=\"elementor-widget-container\">\n\t\t\t\t\t\t\t\t\t<p>Tannlege Kaja Moland er utdannet ved Universitetet i Oslo og har erfaring fra b\u00e5de privat og offentlig tannhelsetjeneste. I m\u00f8te med pasienter legger hun vekt p\u00e5 \u00e5 v\u00e6re rolig og sk\u00e5nsom, og hun har s\u00e6rlig god erfaring med \u00e5 behandle pasienter med tannbehandlingsangst. Hun har en spesiell interesse for minimal invasiv og estetisk tannbehandling, og brenner for \u00e5 levere faglig solide behandlinger av h\u00f8y kvalitet. Hennes m\u00e5l er alltid \u00e5 bidra til god tannhelse og positive opplevelser i tannlegestolen.<\/p>\t\t\t\t\t\t\t\t<\/div>\n\t\t\t\t<\/div>\n\t\t\t\t<\/div>\n\t\t\t\t<\/div>\n\t\t<div class=\"elementor-element elementor-element-37cc262 e-con-full e-flex e-con e-child\" data-id=\"37cc262\" data-element_type=\"container\" data-e-type=\"container\" data-settings=\"{&quot;background_background&quot;:&quot;classic&quot;}\">\n\t\t\t\t<\/div>\n\t\t\t\t<\/div>\n\t\t<div class=\"elementor-element elementor-element-ca7e444 e-con-full e-flex e-con e-child\" data-id=\"ca7e444\" data-element_type=\"container\" data-e-type=\"container\">\n\t\t<div class=\"elementor-element elementor-element-5d53c06 e-con-full e-flex e-con e-child\" data-id=\"5d53c06\" data-element_type=\"container\" data-e-type=\"container\" data-settings=\"{&quot;background_background&quot;:&quot;classic&quot;}\">\n\t\t<div class=\"elementor-element elementor-element-dedb5d9 e-con-full e-flex e-con e-child\" data-id=\"dedb5d9\" data-element_type=\"container\" data-e-type=\"container\">\n\t\t\t\t<div class=\"elementor-element elementor-element-74ba1e2 elementor-widget elementor-widget-heading\" data-id=\"74ba1e2\" data-element_type=\"widget\" data-e-type=\"widget\" data-widget_type=\"heading.default\">\n\t\t\t\t<div class=\"elementor-widget-container\">\n\t\t\t\t\t<h2 class=\"elementor-heading-title elementor-size-default\">Tannlegeassistent<\/h2>\t\t\t\t<\/div>\n\t\t\t\t<\/div>\n\t\t\t\t<div class=\"elementor-element elementor-element-f5dd894 elementor-widget elementor-widget-heading\" data-id=\"f5dd894\" data-element_type=\"widget\" data-e-type=\"widget\" data-widget_type=\"heading.default\">\n\t\t\t\t<div class=\"elementor-widget-container\">\n\t\t\t\t\t<h2 class=\"elementor-heading-title elementor-size-default\">Stina Eftest\u00f8l<\/h2>\t\t\t\t<\/div>\n\t\t\t\t<\/div>\n\t\t\t\t<\/div>\n\t\t<div class=\"elementor-element elementor-element-2f3c7e9 e-con-full e-flex e-con e-child\" data-id=\"2f3c7e9\" data-element_type=\"container\" data-e-type=\"container\">\n\t\t\t\t<div class=\"elementor-element elementor-element-9aea16b elementor-widget elementor-widget-text-editor\" data-id=\"9aea16b\" data-element_type=\"widget\" data-e-type=\"widget\" data-widget_type=\"text-editor.default\">\n\t\t\t\t<div class=\"elementor-widget-container\">\n\t\t\t\t\t\t\t\t\t<p>V\u00e5r flinke og hyggelige tannlegeassistent stina tar i mot nye og eldre pasienter. Hun har 8 \u00e5rs erfaring innen tannhelse, og har et hjerte for pasienter med tannlegeskrekk.<\/p>\t\t\t\t\t\t\t\t<\/div>\n\t\t\t\t<\/div>\n\t\t\t\t<\/div>\n\t\t\t\t<\/div>\n\t\t<div class=\"elementor-element elementor-element-be0cb79 e-con-full e-flex e-con e-child\" data-id=\"be0cb79\" data-element_type=\"container\" data-e-type=\"container\" data-settings=\"{&quot;background_background&quot;:&quot;classic&quot;}\">\n\t\t\t\t<\/div>\n\t\t\t\t<\/div>\n\t\t\t\t<\/div>\n\t\t\t\t<\/div>\n\t\t<div class=\"elementor-element elementor-element-a09366b e-con-full e-flex e-con e-child\" data-id=\"a09366b\" data-element_type=\"container\" data-e-type=\"container\">\n\t\t<div class=\"elementor-element elementor-element-22b35ea e-con-full e-flex e-con e-child\" data-id=\"22b35ea\" data-element_type=\"container\" data-e-type=\"container\" data-settings=\"{&quot;background_background&quot;:&quot;classic&quot;}\">\n\t\t<div class=\"elementor-element elementor-element-a8dd09c e-con-full e-flex e-con e-child\" data-id=\"a8dd09c\" data-element_type=\"container\" data-e-type=\"container\">\n\t\t<div class=\"elementor-element elementor-element-c889eb5 e-con-full e-flex e-con e-child\" data-id=\"c889eb5\" data-element_type=\"container\" data-e-type=\"container\">\n\t\t\t\t<div class=\"elementor-element elementor-element-b68e487 elementor-widget elementor-widget-text-editor\" data-id=\"b68e487\" data-element_type=\"widget\" data-e-type=\"widget\" data-widget_type=\"text-editor.default\">\n\t\t\t\t<div class=\"elementor-widget-container\">\n\t\t\t\t\t\t\t\t\tAdresse \t\t\t\t\t\t\t\t<\/div>\n\t\t\t\t<\/div>\n\t\t\t\t<div class=\"elementor-element elementor-element-9e7159d elementor-widget elementor-widget-heading\" data-id=\"9e7159d\" data-element_type=\"widget\" data-e-type=\"widget\" data-widget_type=\"heading.default\">\n\t\t\t\t<div class=\"elementor-widget-container\">\n\t\t\t\t\t<h2 class=\"elementor-heading-title elementor-size-default\">Hvor finner du oss?<\/h2>\t\t\t\t<\/div>\n\t\t\t\t<\/div>\n\t\t\t\t<div class=\"elementor-element elementor-element-4a7f1de elementor-widget__width-initial elementor-widget elementor-widget-text-editor\" data-id=\"4a7f1de\" data-element_type=\"widget\" data-e-type=\"widget\" data-widget_type=\"text-editor.default\">\n\t\t\t\t<div class=\"elementor-widget-container\">\n\t\t\t\t\t\t\t\t\t<p>Finn veien til oss enkelt ved hjelp av kartet nedenfor. Vi holder til sentralt og er lett tilgjengelige med b\u00e5de bil og offentlig transport.<\/p>\t\t\t\t\t\t\t\t<\/div>\n\t\t\t\t<\/div>\n\t\t\t\t<\/div>\n\t\t\t\t<div class=\"elementor-element elementor-element-ea8e555 elementor-widget elementor-widget-google_maps\" data-id=\"ea8e555\" data-element_type=\"widget\" data-e-type=\"widget\" data-widget_type=\"google_maps.default\">\n\t\t\t\t<div class=\"elementor-widget-container\">\n\t\t\t\t\t\t\t<div class=\"elementor-custom-embed\">\n\t\t\t<iframe loading=\"lazy\"\n\t\t\t\t\tsrc=\"https:\/\/maps.google.com\/maps?q=Nesgata%2022A%2C%204480%20Kvinesdal&#038;t=m&#038;z=15&#038;output=embed&#038;iwloc=near\"\n\t\t\t\t\ttitle=\"Nesgata 22A, 4480 Kvinesdal\"\n\t\t\t\t\taria-label=\"Nesgata 22A, 4480 Kvinesdal\"\n\t\t\t><\/iframe>\n\t\t<\/div>\n\t\t\t\t\t\t<\/div>\n\t\t\t\t<\/div>\n\t\t\t\t<\/div>\n\t\t\t\t<\/div>\n\t\t\t\t<\/div>\n\t\t\t\t<\/div>\n\t\t\t\t\t<\/div>\n\t\t\t\t<\/div>\n\t\t\t\t<\/div>\n\t\t\t\t<\/div>\n\t\t","protected":false},"excerpt":{"rendered":"<p>Om oss Hos Dentalklinikken f\u00e5r du personlig oppf\u00f8lging fra v\u00e5rt dedikerte team av tannleger i Kvinesdal, som tilbyr skreddersydde behandlinger til dine behov \u2013 fra rutinemessig tannrens til avanserte prosedyrer. Velkommen V\u00e5r klinikk Du finner oss sentralt, lett tilgjengelig med b\u00e5de bil og offentlig transport. Vi ser frem til \u00e5 \u00f8nske deg velkommen! \u00a0\u2013 V\u00e5re [&hellip;]<\/p>\n","protected":false},"author":1,"featured_media":0,"parent":0,"menu_order":0,"comment_status":"closed","ping_status":"closed","template":"","meta":{"_acf_changed":false,"inline_featured_image":false,"footnotes":""},"class_list":["post-783","page","type-page","status-publish","hentry"],"acf":[],"_links":{"self":[{"href":"https:\/\/dentalklinikken.no\/kvinesdal\/wp-json\/wp\/v2\/pages\/783","targetHints":{"allow":["GET"]}}],"collection":[{"href":"https:\/\/dentalklinikken.no\/kvinesdal\/wp-json\/wp\/v2\/pages"}],"about":[{"href":"https:\/\/dentalklinikken.no\/kvinesdal\/wp-json\/wp\/v2\/types\/page"}],"author":[{"embeddable":true,"href":"https:\/\/dentalklinikken.no\/kvinesdal\/wp-json\/wp\/v2\/users\/1"}],"replies":[{"embeddable":true,"href":"https:\/\/dentalklinikken.no\/kvinesdal\/wp-json\/wp\/v2\/comments?post=783"}],"version-history":[{"count":24,"href":"https:\/\/dentalklinikken.no\/kvinesdal\/wp-json\/wp\/v2\/pages\/783\/revisions"}],"predecessor-version":[{"id":2775,"href":"https:\/\/dentalklinikken.no\/kvinesdal\/wp-json\/wp\/v2\/pages\/783\/revisions\/2775"}],"wp:attachment":[{"href":"https:\/\/dentalklinikken.no\/kvinesdal\/wp-json\/wp\/v2\/media?parent=783"}],"curies":[{"name":"wp","href":"https:\/\/api.w.org\/{rel}","templated":true}]}}