{"id":1896,"date":"2025-02-12T11:44:11","date_gmt":"2025-02-12T11:44:11","guid":{"rendered":"https:\/\/dentalklinikken.no\/hovden\/?page_id=1896"},"modified":"2025-02-12T14:47:59","modified_gmt":"2025-02-12T14:47:59","slug":"betalingsstotte","status":"publish","type":"page","link":"https:\/\/dentalklinikken.no\/hovden\/betalingsstotte\/","title":{"rendered":"Betalingsst\u00f8tte"},"content":{"rendered":"\t\t<div data-elementor-type=\"wp-page\" data-elementor-id=\"1896\" class=\"elementor elementor-1896\" data-elementor-post-type=\"page\">\n\t\t\t\t<div class=\"elementor-element elementor-element-6450be68 e-con-full e-flex e-con e-parent\" data-id=\"6450be68\" data-element_type=\"container\" data-e-type=\"container\" data-settings=\"{&quot;background_background&quot;:&quot;classic&quot;}\">\n\t\t<div class=\"elementor-element elementor-element-589c2b32 e-flex e-con-boxed e-con e-child\" data-id=\"589c2b32\" data-element_type=\"container\" data-e-type=\"container\">\n\t\t\t\t\t<div class=\"e-con-inner\">\n\t\t<div class=\"elementor-element elementor-element-79048d78 e-con-full e-flex e-con e-child\" data-id=\"79048d78\" data-element_type=\"container\" data-e-type=\"container\">\n\t\t<div class=\"elementor-element elementor-element-20b8fc22 e-con-full e-flex e-con e-child\" data-id=\"20b8fc22\" data-element_type=\"container\" data-e-type=\"container\">\n\t\t\t\t<div class=\"elementor-element elementor-element-23ec97fb elementor-widget elementor-widget-heading\" data-id=\"23ec97fb\" data-element_type=\"widget\" data-e-type=\"widget\" data-widget_type=\"heading.default\">\n\t\t\t\t<div class=\"elementor-widget-container\">\n\t\t\t\t\t<h1 class=\"elementor-heading-title elementor-size-default\">Betalingsst\u00f8tte<\/h1>\t\t\t\t<\/div>\n\t\t\t\t<\/div>\n\t\t\t\t<div class=\"elementor-element elementor-element-4aa6cd0c elementor-widget elementor-widget-text-editor\" data-id=\"4aa6cd0c\" data-element_type=\"widget\" data-e-type=\"widget\" data-widget_type=\"text-editor.default\">\n\t\t\t\t<div class=\"elementor-widget-container\">\n\t\t\t\t\t\t\t\t\t<p>Vi tilbyr fleksible betalingsl\u00f8sninger og veiledning om HELFO-st\u00f8tte og frikort. <a href=\"#kontakt\">Ta kontakt<\/a> for mer informasjon.<\/p>\t\t\t\t\t\t\t\t<\/div>\n\t\t\t\t<\/div>\n\t\t\t\t<\/div>\n\t\t<div class=\"elementor-element elementor-element-1c37cf95 e-con-full e-flex e-con e-child\" data-id=\"1c37cf95\" data-element_type=\"container\" data-e-type=\"container\">\n\t\t<div class=\"elementor-element elementor-element-af58833 e-con-full e-flex e-con e-child\" data-id=\"af58833\" data-element_type=\"container\" data-e-type=\"container\" data-settings=\"{&quot;background_background&quot;:&quot;classic&quot;}\">\n\t\t<div class=\"elementor-element elementor-element-13751db e-con-full e-flex e-con e-child\" data-id=\"13751db\" data-element_type=\"container\" data-e-type=\"container\">\n\t\t\t\t<div class=\"elementor-element elementor-element-e725814 elementor-widget elementor-widget-heading\" data-id=\"e725814\" data-element_type=\"widget\" data-e-type=\"widget\" data-widget_type=\"heading.default\">\n\t\t\t\t<div class=\"elementor-widget-container\">\n\t\t\t\t\t<h2 class=\"elementor-heading-title elementor-size-default\">Helfo<\/h2>\t\t\t\t<\/div>\n\t\t\t\t<\/div>\n\t\t\t\t<div class=\"elementor-element elementor-element-7d41362 elementor-widget elementor-widget-text-editor\" data-id=\"7d41362\" data-element_type=\"widget\" data-e-type=\"widget\" data-widget_type=\"text-editor.default\">\n\t\t\t\t<div class=\"elementor-widget-container\">\n\t\t\t\t\t\t\t\t\t<p>I Norge dekkes tannbehandling av Den offentlige tannhelsetjenesten frem til fylte 18 \u00e5r. For personer mellom 18 og 28 \u00e5r gis delvis dekning, mens behandling utover dette m\u00e5 dekkes privat.<\/p><p>Enkelte skader, sykdommer og tilstander kan imidlertid gi rett til \u00f8konomisk st\u00f8tte fra HELFO. St\u00f8ttebel\u00f8pet avhenger av diagnose og alvorlighetsgrad. Pasienten m\u00e5 selv betale eventuell forskjell mellom behandlingskostnaden og HELFOs dekning.<\/p><p>For mer informasjon, snakk med din behandler eller les mer <a href=\"https:\/\/www.helfo.no\/\" target=\"_blank\" rel=\"noopener\">her<\/a>.<\/p>\t\t\t\t\t\t\t\t<\/div>\n\t\t\t\t<\/div>\n\t\t\t\t<\/div>\n\t\t<div class=\"elementor-element elementor-element-c5fbaa9 e-con-full e-flex e-con e-child\" data-id=\"c5fbaa9\" data-element_type=\"container\" data-e-type=\"container\">\n\t\t\t\t<div class=\"elementor-element elementor-element-60e1b0b elementor-widget elementor-widget-heading\" data-id=\"60e1b0b\" data-element_type=\"widget\" data-e-type=\"widget\" data-widget_type=\"heading.default\">\n\t\t\t\t<div class=\"elementor-widget-container\">\n\t\t\t\t\t<h2 class=\"elementor-heading-title elementor-size-default\">Frikort<\/h2>\t\t\t\t<\/div>\n\t\t\t\t<\/div>\n\t\t\t\t<div class=\"elementor-element elementor-element-d60be4e elementor-widget elementor-widget-text-editor\" data-id=\"d60be4e\" data-element_type=\"widget\" data-e-type=\"widget\" data-widget_type=\"text-editor.default\">\n\t\t\t\t<div class=\"elementor-widget-container\">\n\t\t\t\t\t\t\t\t\t<p>Frikort gir fritak for egenandeler p\u00e5 offentlige takster og er en ordning fra HELFO for pasienter med h\u00f8ye helseutgifter.\u00a0<\/p><p>\u00d8nsker du mer informasjon om frikort og tannbehandling? Bes\u00f8k <a href=\"https:\/\/www.helsenorge.no\/\" target=\"_blank\" rel=\"nofollow noopener\">helsenorge.no<\/a> eller kontakt HELFO p\u00e5 23 32 70 00.<\/p>\t\t\t\t\t\t\t\t<\/div>\n\t\t\t\t<\/div>\n\t\t\t\t<\/div>\n\t\t<div class=\"elementor-element elementor-element-3e58cc3 e-con-full e-flex e-con e-child\" data-id=\"3e58cc3\" data-element_type=\"container\" data-e-type=\"container\">\n\t\t\t\t<div class=\"elementor-element elementor-element-5f41452 elementor-widget elementor-widget-heading\" data-id=\"5f41452\" data-element_type=\"widget\" data-e-type=\"widget\" data-widget_type=\"heading.default\">\n\t\t\t\t<div class=\"elementor-widget-container\">\n\t\t\t\t\t<h2 class=\"elementor-heading-title elementor-size-default\">Delbetaling<\/h2>\t\t\t\t<\/div>\n\t\t\t\t<\/div>\n\t\t\t\t<div class=\"elementor-element elementor-element-2ee6e69 elementor-widget elementor-widget-text-editor\" data-id=\"2ee6e69\" data-element_type=\"widget\" data-e-type=\"widget\" data-widget_type=\"text-editor.default\">\n\t\t\t\t<div class=\"elementor-widget-container\">\n\t\t\t\t\t\t\t\t\t<p>Vi tilbyr ulike betalingsl\u00f8sninger for v\u00e5re pasienter. Ta kontakt med oss for \u00e5 h\u00f8re hvilke alternativer som er tilgjengelige for deg.<\/p>\t\t\t\t\t\t\t\t<\/div>\n\t\t\t\t<\/div>\n\t\t\t\t<\/div>\n\t\t\t\t<\/div>\n\t\t\t\t<\/div>\n\t\t\t\t<\/div>\n\t\t\t\t\t<\/div>\n\t\t\t\t<\/div>\n\t\t\t\t<\/div>\n\t\t\t\t<\/div>\n\t\t","protected":false},"excerpt":{"rendered":"<p>Betalingsst\u00f8tte Vi tilbyr fleksible betalingsl\u00f8sninger og veiledning om HELFO-st\u00f8tte og frikort. Ta kontakt for mer informasjon. Helfo I Norge dekkes tannbehandling av Den offentlige tannhelsetjenesten frem til fylte 18 \u00e5r. For personer mellom 18 og 28 \u00e5r gis delvis dekning, mens behandling utover dette m\u00e5 dekkes privat. Enkelte skader, sykdommer og tilstander kan imidlertid gi [&hellip;]<\/p>\n","protected":false},"author":1,"featured_media":0,"parent":0,"menu_order":0,"comment_status":"closed","ping_status":"closed","template":"","meta":{"_acf_changed":false,"inline_featured_image":false,"footnotes":""},"class_list":["post-1896","page","type-page","status-publish","hentry"],"acf":[],"_links":{"self":[{"href":"https:\/\/dentalklinikken.no\/hovden\/wp-json\/wp\/v2\/pages\/1896","targetHints":{"allow":["GET"]}}],"collection":[{"href":"https:\/\/dentalklinikken.no\/hovden\/wp-json\/wp\/v2\/pages"}],"about":[{"href":"https:\/\/dentalklinikken.no\/hovden\/wp-json\/wp\/v2\/types\/page"}],"author":[{"embeddable":true,"href":"https:\/\/dentalklinikken.no\/hovden\/wp-json\/wp\/v2\/users\/1"}],"replies":[{"embeddable":true,"href":"https:\/\/dentalklinikken.no\/hovden\/wp-json\/wp\/v2\/comments?post=1896"}],"version-history":[{"count":0,"href":"https:\/\/dentalklinikken.no\/hovden\/wp-json\/wp\/v2\/pages\/1896\/revisions"}],"wp:attachment":[{"href":"https:\/\/dentalklinikken.no\/hovden\/wp-json\/wp\/v2\/media?parent=1896"}],"curies":[{"name":"wp","href":"https:\/\/api.w.org\/{rel}","templated":true}]}}